{"id":743,"date":"2020-06-18T07:34:58","date_gmt":"2020-06-18T07:34:58","guid":{"rendered":"https:\/\/avtotertinek.si\/team\/"},"modified":"2020-06-22T12:33:42","modified_gmt":"2020-06-22T12:33:42","slug":"team","status":"publish","type":"page","link":"https:\/\/avtotertinek.si\/de\/team\/","title":{"rendered":"Team"},"content":{"rendered":"<p>[et_pb_section fb_built=&#8220;1&#8243; admin_label=&#8220;Hero&#8220; _builder_version=&#8220;3.22&#8243; use_background_color_gradient=&#8220;on&#8220; background_color_gradient_start=&#8220;rgba(40,40,40,0.79)&#8220; background_color_gradient_end=&#8220;rgba(40,40,40,0.86)&#8220; background_color_gradient_type=&#8220;radial&#8220; background_color_gradient_direction_radial=&#8220;top left&#8220; background_color_gradient_overlays_image=&#8220;on&#8220; background_image=&#8220;https:\/\/avtotertinek.si\/wp-content\/uploads\/2018\/12\/DSC2402-1.jpg&#8220; custom_margin=&#8220;||||false&#8220; custom_padding=&#8220;8vw||8vw||true|false&#8220;][et_pb_row column_structure=&#8220;2_3,1_3&#8243; _builder_version=&#8220;3.25&#8243;][et_pb_column type=&#8220;2_3&#8243; _builder_version=&#8220;3.25&#8243; custom_padding=&#8220;|||&#8220; custom_padding__hover=&#8220;|||&#8220;][et_pb_text _builder_version=&#8220;4.4.8&#8243; header_font=&#8220;Rubik|700|||||||&#8220; header_font_size=&#8220;64px&#8220; header_line_height=&#8220;1.1em&#8220; background_layout=&#8220;dark&#8220; max_width=&#8220;800px&#8220; custom_margin=&#8220;||0px|&#8220; custom_padding=&#8220;|||16px&#8220; text_font_size_last_edited=&#8220;off|desktop&#8220; header_font_size_tablet=&#8220;44px&#8220; header_font_size_phone=&#8220;32px&#8220; header_font_size_last_edited=&#8220;on|phone&#8220; border_color_all=&#8220;#ffcc29&#8243; border_width_left=&#8220;10px&#8220;]<\/p>\n<h1>Wer sind wir<\/h1>\n<p>[\/et_pb_text][et_pb_text _builder_version=&#8220;3.27.4&#8243; text_font=&#8220;||||||||&#8220; text_font_size=&#8220;18px&#8220; text_line_height=&#8220;1.6em&#8220; background_layout=&#8220;dark&#8220; max_width=&#8220;800px&#8220; custom_margin=&#8220;|||&#8220; custom_padding=&#8220;20px||20px||true&#8220; text_font_size_tablet=&#8220;18px&#8220; text_font_size_phone=&#8220;&#8220; text_font_size_last_edited=&#8220;on|phone&#8220;]Sie sehen ein Unternehmen mit einem <strong>starken, gut koordinierten, vernetzten Team und einer frischen, motivierten F\u00fchrung.<\/strong>[\/et_pb_text][et_pb_button button_url=&#8220;https:\/\/avtotertinek.si\/de\/kontakt\/&#8220; button_text=&#8220;Senden Sie uns bitte Ihre Anfrage&#8220; _builder_version=&#8220;3.19&#8243; custom_button=&#8220;on&#8220; button_text_size=&#8220;14px&#8220; button_text_color=&#8220;#ffffff&#8220; button_bg_color=&#8220;#ffcc29&#8243; button_border_width=&#8220;4px&#8220; button_border_color=&#8220;#ffcc29&#8243; button_border_radius=&#8220;6px&#8220; button_letter_spacing=&#8220;4px&#8220; button_font=&#8220;Arial|800||on|||||&#8220; button_icon=&#8220;%%3%%&#8220; custom_padding=&#8220;12px|30px|12px|30px|true|true&#8220; button_text_color_hover=&#8220;#ffffff&#8220; button_border_color_hover=&#8220;#ffb400&#8243; button_bg_color_hover=&#8220;#ffb400&#8243; button_text_size__hover_enabled=&#8220;off&#8220; button_one_text_size__hover_enabled=&#8220;off&#8220; button_two_text_size__hover_enabled=&#8220;off&#8220; button_text_color__hover_enabled=&#8220;on&#8220; button_text_color__hover=&#8220;#ffffff&#8220; button_one_text_color__hover_enabled=&#8220;off&#8220; button_two_text_color__hover_enabled=&#8220;off&#8220; button_border_width__hover_enabled=&#8220;off&#8220; button_one_border_width__hover_enabled=&#8220;off&#8220; button_two_border_width__hover_enabled=&#8220;off&#8220; button_border_color__hover_enabled=&#8220;on&#8220; button_border_color__hover=&#8220;#2957a4&#8243; button_one_border_color__hover_enabled=&#8220;off&#8220; button_two_border_color__hover_enabled=&#8220;off&#8220; button_border_radius__hover_enabled=&#8220;off&#8220; button_one_border_radius__hover_enabled=&#8220;off&#8220; button_two_border_radius__hover_enabled=&#8220;off&#8220; button_letter_spacing__hover_enabled=&#8220;off&#8220; button_one_letter_spacing__hover_enabled=&#8220;off&#8220; button_two_letter_spacing__hover_enabled=&#8220;off&#8220; button_bg_color__hover_enabled=&#8220;on&#8220; button_bg_color__hover=&#8220;#2957a4&#8243; button_one_bg_color__hover_enabled=&#8220;off&#8220; button_two_bg_color__hover_enabled=&#8220;off&#8220;]<br \/>\n[\/et_pb_button][\/et_pb_column][et_pb_column type=&#8220;1_3&#8243; _builder_version=&#8220;3.25&#8243; custom_padding=&#8220;|||&#8220; custom_padding__hover=&#8220;|||&#8220;][et_pb_text _builder_version=&#8220;3.27.4&#8243; text_font=&#8220;||||||||&#8220; header_font=&#8220;||||||||&#8220; header_text_color=&#8220;#ffcc29&#8243; header_2_font=&#8220;Rubik|700|||||||&#8220; header_2_text_color=&#8220;#ffb400&#8243; header_2_font_size=&#8220;32px&#8220; header_2_line_height=&#8220;1.2em&#8220; custom_margin=&#8220;|||&#8220; custom_padding=&#8220;|||&#8220; header_2_font_size_last_edited=&#8220;off|desktop&#8220;]<\/p>\n<h2><span style=\"color: #ffcc29;\">Unsere Vorteile<\/span><\/h2>\n<p>[\/et_pb_text][et_pb_blurb title=&#8220;Schnell erledigte Dienstleistungen&#8220; use_icon=&#8220;on&#8220; font_icon=&#8220;%%167%%&#8220; icon_color=&#8220;#ffcc29&#8243; icon_placement=&#8220;left&#8220; content_max_width=&#8220;1100px&#8220; use_icon_font_size=&#8220;on&#8220; icon_font_size=&#8220;84px&#8220; content_max_width_last_edited=&#8220;off|desktop&#8220; _builder_version=&#8220;3.19&#8243; header_font=&#8220;Rubik|700|||||||&#8220; header_line_height=&#8220;1.4em&#8220; body_font=&#8220;Arial||||||||&#8220; body_line_height=&#8220;1.8em&#8220; background_layout=&#8220;dark&#8220; custom_margin=&#8220;|||&#8220; custom_padding=&#8220;|||&#8220; animation_style=&#8220;slide&#8220; animation_direction=&#8220;right&#8220; animation_intensity_slide=&#8220;10%&#8220; animation=&#8220;off&#8220;]<\/p>\n<h5><strong>Wir arbeiten nach dem Prinzip des schnellen Service: Sie bringen Ihr Fahrzeug zu uns, wir \u00fcberpr\u00fcfen ihn schnell und reparieren professionell!<\/strong><\/h5>\n<p>[\/et_pb_blurb][et_pb_blurb title=&#8220;Professionelles Team&#8220; use_icon=&#8220;on&#8220; font_icon=&#8220;%%259%%&#8220; icon_color=&#8220;#ffcc29&#8243; icon_placement=&#8220;left&#8220; content_max_width=&#8220;1100px&#8220; use_icon_font_size=&#8220;on&#8220; icon_font_size=&#8220;86px&#8220; content_max_width_last_edited=&#8220;off|desktop&#8220; _builder_version=&#8220;3.19&#8243; header_font=&#8220;Rubik|700|||||||&#8220; header_line_height=&#8220;1.4em&#8220; body_font_size=&#8220;15px&#8220; body_line_height=&#8220;1.8em&#8220; background_layout=&#8220;dark&#8220; custom_margin=&#8220;|||&#8220; custom_padding=&#8220;|||&#8220; animation_style=&#8220;slide&#8220; animation_direction=&#8220;right&#8220; animation_delay=&#8220;100ms&#8220; animation_intensity_slide=&#8220;10%&#8220; animation=&#8220;off&#8220;]<\/p>\n<h5><strong>In unseren gesamten Dienstleistungen werden die Marathon-Erfahrungen von Veteranen und deren Innovationen kombiniert.<br \/>\n<\/strong><\/h5>\n<p>[\/et_pb_blurb][\/et_pb_column][\/et_pb_row][\/et_pb_section][et_pb_section fb_built=&#8220;1&#8243; admin_label=&#8220;About Us&#8220; _builder_version=&#8220;3.22&#8243; custom_padding=&#8220;||1px|||&#8220;][et_pb_row _builder_version=&#8220;3.25&#8243;][et_pb_column type=&#8220;4_4&#8243; _builder_version=&#8220;3.25&#8243; custom_padding=&#8220;|||&#8220; custom_padding__hover=&#8220;|||&#8220;][et_pb_text _builder_version=&#8220;4.4.6&#8243; text_font=&#8220;Arial||||||||&#8220; header_font=&#8220;Rubik|700|||||||&#8220; header_2_font=&#8220;Rubik|700|||||||&#8220; header_2_font_size=&#8220;42px&#8220; header_2_line_height=&#8220;1.2em&#8220; text_orientation=&#8220;center&#8220; module_alignment=&#8220;center&#8220; custom_margin=&#8220;|||&#8220; custom_padding=&#8220;|||&#8220; header_2_font_size_tablet=&#8220;&#8220; header_2_font_size_phone=&#8220;36px&#8220; header_2_font_size_last_edited=&#8220;on|phone&#8220; locked=&#8220;off&#8220;]<\/p>\n<h1 style=\"text-align: center;\"><span style=\"font-family: 'Arial',sans-serif;\">Avto Tertinek &#8211; Autoservice mit Tradition<\/span><\/h1>\n<p>[\/et_pb_text][et_pb_divider color=&#8220;#ffcc29&#8243; divider_position=&#8220;center&#8220; divider_weight=&#8220;5px&#8220; _builder_version=&#8220;3.19&#8243; max_width=&#8220;50px&#8220; module_alignment=&#8220;center&#8220; locked=&#8220;off&#8220;]<br \/>\n[\/et_pb_divider][\/et_pb_column][\/et_pb_row][et_pb_row column_structure=&#8220;1_2,1_2&#8243; _builder_version=&#8220;3.25&#8243;][et_pb_column type=&#8220;1_2&#8243; _builder_version=&#8220;3.25&#8243; custom_padding=&#8220;|||&#8220; custom_padding__hover=&#8220;|||&#8220;][et_pb_text _builder_version=&#8220;3.27.4&#8243; text_font=&#8220;||||||||&#8220; text_font_size=&#8220;17px&#8220; text_line_height=&#8220;1.8em&#8220; custom_padding=&#8220;|||&#8220; custom_padding_tablet=&#8220;|40px||40px||true&#8220; custom_padding_last_edited=&#8220;off|desktop&#8220;]Avto Tertinek entwickelt sich als Autoserviceunternehmen aus der vorherigen Servicewerkstatt <strong>des verstorbenen Gro\u00dfmeisters Alojz Tertinek<\/strong>, deren Anf\u00e4nge in Jahre 1976 zur\u00fcckreichen. Als Gr\u00fcndungs- und langj\u00e4hriges Mitglied der Handwerkskammer Maribor war er ein sehr bekannter Handwerker in der Region und in der weiteren Umgebung. Seine reichen Erfahrungen sammelte er in hochkar\u00e4tigen Unternehmen &#8211; auf ausl\u00e4ndischem Boden im schwedischen Volvo und in unserem Land im Maribor, bei dem Unternehmen \u00a0TAM &#8211; und setzte sie erfolgreich in seiner Arbeit ein. Urspr\u00fcnglich war der Service eine Kfz-Schlosserei und Karosseriewerkstatt, sp\u00e4ter wandte sich die Werkstatt der Reparatur, dem Service und der Herstellung von Abgaskomponenten zu. Durch unsere Abgassysteme sind wir weithin erkennbar geworden.<br \/>\n[\/et_pb_text][\/et_pb_column][et_pb_column type=&#8220;1_2&#8243; _builder_version=&#8220;3.25&#8243; custom_padding=&#8220;|||&#8220; custom_padding__hover=&#8220;|||&#8220;][et_pb_text _builder_version=&#8220;3.27.4&#8243; text_font=&#8220;||||||||&#8220; text_font_size=&#8220;17px&#8220; text_line_height=&#8220;1.8em&#8220; custom_padding=&#8220;|||&#8220; custom_padding_tablet=&#8220;|40px||40px||true&#8220; custom_padding_last_edited=&#8220;off|desktop&#8220; locked=&#8220;off&#8220;]Heute steht vor Ihnen ein Unternehmen mit einem <strong>starken, gut koordinierten, vernetzten Team und einer frischen, motivierten F\u00fchrung<\/strong>. Im st\u00e4ndigen Gedanken an Ihren Frieden auf der Stra\u00dfe und in Ihr Inneres sind in unseren hochwertigen, \u00a0schnell erbrachten umfassenden Dienstleistungen die Marathon-Erfahrung von Veteranen und\u00a0 Ihre Innovation verflochten.<\/p>\n<p>Das Leistungsspektrum, das wir anbieten, geht weit \u00fcber die <strong>Grenzen des Abgassystems hinaus<\/strong>, da wir uns in unserer <strong>Werkstatt auch um den Service Ihres gesamten Autos, Sto\u00dfd\u00e4mpfer, Katalysatoren, Reifenwechsel usw<\/strong>. k\u00fcmmern. Das alles erledigen wir, w\u00e4hrend Sie in Ruhe die Zeitung lesen und einen k\u00f6stlichen Kaffee trinken.[\/et_pb_text][\/et_pb_column][\/et_pb_row][et_pb_row _builder_version=&#8220;3.25&#8243;][et_pb_column type=&#8220;4_4&#8243; _builder_version=&#8220;3.25&#8243; custom_padding=&#8220;|||&#8220; custom_padding__hover=&#8220;|||&#8220;][et_pb_text _builder_version=&#8220;3.27.4&#8243; text_font=&#8220;Arial||||||||&#8220; header_font=&#8220;Rubik|700|||||||&#8220; header_2_font=&#8220;Rubik|700|||||||&#8220; header_2_font_size=&#8220;42px&#8220; header_2_line_height=&#8220;1.2em&#8220; text_orientation=&#8220;center&#8220; module_alignment=&#8220;center&#8220; custom_margin=&#8220;|||&#8220; custom_padding=&#8220;|||&#8220; header_2_font_size_tablet=&#8220;&#8220; header_2_font_size_phone=&#8220;36px&#8220; header_2_font_size_last_edited=&#8220;on|phone&#8220; locked=&#8220;off&#8220;]<\/p>\n<h1 style=\"text-align: center;\"><span style=\"font-family: 'Arial',sans-serif;\">Lernen Sie uns kennen<\/p>\n<p><\/span><\/h1>\n<p>[\/et_pb_text][et_pb_divider color=&#8220;#ffcc29&#8243; divider_position=&#8220;center&#8220; divider_weight=&#8220;5px&#8220; _builder_version=&#8220;3.19&#8243; max_width=&#8220;50px&#8220; module_alignment=&#8220;center&#8220; locked=&#8220;off&#8220;]<br \/>\n[\/et_pb_divider][\/et_pb_column][\/et_pb_row][\/et_pb_section][et_pb_section fb_built=&#8220;1&#8243; _builder_version=&#8220;3.22&#8243; custom_padding=&#8220;0px|||||&#8220;][et_pb_row column_structure=&#8220;1_3,1_3,1_3&#8243; _builder_version=&#8220;3.25&#8243; background_size=&#8220;initial&#8220; background_position=&#8220;top_left&#8220; background_repeat=&#8220;repeat&#8220;][et_pb_column type=&#8220;1_3&#8243; _builder_version=&#8220;3.25&#8243; custom_padding=&#8220;|||&#8220; custom_padding__hover=&#8220;|||&#8220;][et_pb_image src=&#8220;https:\/\/avtotertinek.si\/wp-content\/uploads\/2018\/12\/sandraklemen.png&#8220; align=&#8220;center&#8220; align_tablet=&#8220;center&#8220; align_phone=&#8220;&#8220; align_last_edited=&#8220;on|desktop&#8220; _builder_version=&#8220;3.23&#8243;]<br \/>\n[\/et_pb_image][et_pb_text _builder_version=&#8220;3.27.4&#8243; text_font=&#8220;Arial||||||||&#8220;]<\/p>\n<h3 style=\"text-align: center;\"><strong>Klemen in Sandra Tertinek<\/strong><\/h3>\n<p>Die treibende Kraft, Benzin und Sonnenenergie unseres Handwerks. Nach der Entscheidung, das Unternehmen weiterzuf\u00fchren, und der turbulenten Zeit der Bildung eines neuen professionellen Teams machte sich das Paar mutig und harmonisch auf den Weg, um die gesetzten Ziele zu erreichen. Mit einer klaren Sicht, einer Quelle von Ideen und Pl\u00e4nen, mit der Vision einer anderen Boutique umweltfreundlicher Autowerkstatt, die souver\u00e4ner ist als je zuvor, sehen sie einer erfolgreichen Zukunft in die Augen. Sandra ist eine Freizeitliebhaberin der Natur, Nordic Walking, guter B\u00fccher, ein Fan von Schwimmen, die ihr Denken bei Spazierg\u00e4ngen mit ihren Hund total abschaltet. Sie ist au\u00dferdem sehr zufrieden, wenn sie Ihre Gro\u00dfmutter im Altersheim besucht und sich intensiv mit Freundinen unterh\u00e4lt. Klemen trifft sich gerne mit Freunden, um mit Ihnen Poker zu spielen oder Sport zu treiben. Zusammen genie\u00dfen sie die Zeit bei einem entspannenden Konzert oder bei einer Vorstellung, als Paar oder mit ihrer Familie. Dankbar f\u00fcr die Gelegenheit ein erkennbares Unternehmen mit einer langj\u00e4hrigen Tradition zu f\u00fchren, sind sie den Qualit\u00e4tsintegrierten Erfahrungen mit unseren Dienstleistungen versprochen.<br \/>\n[\/et_pb_text][\/et_pb_column][et_pb_column type=&#8220;1_3&#8243; _builder_version=&#8220;3.25&#8243; custom_padding=&#8220;|||&#8220; custom_padding__hover=&#8220;|||&#8220;][et_pb_image src=&#8220;https:\/\/avtotertinek.si\/wp-content\/uploads\/2018\/12\/marjan.png&#8220; align=&#8220;center&#8220; align_tablet=&#8220;center&#8220; align_phone=&#8220;&#8220; align_last_edited=&#8220;on|desktop&#8220; _builder_version=&#8220;3.23&#8243; border_radii=&#8220;on|5px|5px|5px|5px&#8220;]<br \/>\n[\/et_pb_image][et_pb_text _builder_version=&#8220;3.27.4&#8243; text_font=&#8220;Arial||||||||&#8220;]<\/p>\n<h3 style=\"text-align: center;\"><strong>Marjan Karat<\/strong><\/h3>\n<p>Marjan schloss sich uns an mit dem Wunsch nach neuen Herausforderungen und guten Beziehungen zwischen Kollegen und Management. Der Freizeitfischer und -genie\u00dfer auf den wei\u00dfen Skipisten bringt die Ruhe, Angenehmheit und Professionalit\u00e4t in unser Arbeitsumfeld, die bei jedem Schritt sichtbar werden. Freunde und Bekannte beschreiben ihn am h\u00e4ufigsten als ehrlich und sch\u00e4tzen seine Hilfsbereitschaft. Marjan engagiert sich f\u00fcr die Qualit\u00e4tsreparatur Ihres Fahrzeugs und wir vertrauen ihm voll und ganz, denn er ist bereits ein wahrer Veteran in unserem Gesch\u00e4ft.<\/p>\n<p style=\"text-align: justify;\"><span style=\"font-family: 'Arial',sans-serif;\">\u00a0<\/span><\/p>\n<p>[\/et_pb_text][\/et_pb_column][et_pb_column type=&#8220;1_3&#8243; _builder_version=&#8220;3.25&#8243; custom_padding=&#8220;|||&#8220; custom_padding__hover=&#8220;|||&#8220;][et_pb_image src=&#8220;https:\/\/avtotertinek.si\/wp-content\/uploads\/2018\/12\/bojan.png&#8220; align=&#8220;center&#8220; align_tablet=&#8220;center&#8220; align_phone=&#8220;&#8220; align_last_edited=&#8220;on|desktop&#8220; _builder_version=&#8220;3.23&#8243;]<br \/>\n[\/et_pb_image][et_pb_text _builder_version=&#8220;3.27.4&#8243; text_font=&#8220;Arial||||||||&#8220;]<\/p>\n<h3 style=\"text-align: center;\"><strong>Bojan Slekovec<\/strong><\/h3>\n<p>Man sieht ihm die Professionalit\u00e4t und Freundlichkeit schon an, nicht wahr? Und in der Tat ist es auch so. In unserem Gesch\u00e4ft l\u00e4uft er \u00fcber weite Strecken, unsere Kunden und auch uns hinterl\u00e4sst sein Handeln mit einem Gef\u00fchl des wahren Vertrauens, das wirklich von gr\u00f6\u00dfter Bedeutung ist. Mit seinen Freunden lacht und scherzt er gern, ist aber gleichzeitig f\u00fcr seine Genauigkeit und Klugheit bekannt, und diese beiden Eigenschaften sind eine der Schl\u00fcsselqualit\u00e4ten f\u00fcr die Arbeit, die er betreibt. Er verbringt seine Freizeit damit, fernzusehen und im Internet zu surfen. Er schloss sich uns an mit dem Wunsch nach neuen Herausforderungen im neuen Team. Bojan sorgt immer daf\u00fcr, dass Ihre Erfahrung mit uns aus zwei Hauptgew\u00fcrzen besteht: Reparaturgeschwindigkeit und Angenehmheit.<\/p>\n<p style=\"text-align: justify;\"><span style=\"font-family: 'Arial',sans-serif;\">\u00a0<\/span><\/p>\n<p style=\"text-align: left;\">\n<p>[\/et_pb_text][\/et_pb_column][\/et_pb_row][\/et_pb_section][et_pb_section fb_built=&#8220;1&#8243; specialty=&#8220;on&#8220; padding_top_bottom_link_1=&#8220;true&#8220; padding_left_right_link_1=&#8220;false&#8220; padding_top_1=&#8220;80px&#8220; padding_bottom_1=&#8220;80px&#8220; padding_left_1=&#8220;60px&#8220; padding_1_tablet=&#8220;|10%||10%||true&#8220; padding_1_phone=&#8220;&#8220; padding_1_last_edited=&#8220;on|desktop&#8220; disabled_on=&#8220;off|off|off&#8220; admin_label=&#8220;About Us Continued&#8220; _builder_version=&#8220;3.22&#8243; background_color=&#8220;#f7f7f7&#8243; inner_width=&#8220;100%&#8220; inner_max_width=&#8220;100%&#8220; custom_padding=&#8220;0||||false|false&#8220; use_custom_width=&#8220;on&#8220; width_unit=&#8220;off&#8220; custom_width_percent=&#8220;100%&#8220;][et_pb_column type=&#8220;1_3&#8243; _builder_version=&#8220;3.25&#8243; custom_padding=&#8220;|||&#8220; custom_padding__hover=&#8220;|||&#8220;][et_pb_text _builder_version=&#8220;3.27.4&#8243; header_2_font=&#8220;Rubik|700|||||||&#8220; header_2_font_size=&#8220;32px&#8220; header_2_line_height=&#8220;1.2em&#8220; custom_margin=&#8220;|||&#8220; custom_padding=&#8220;|||&#8220; header_2_font_size_last_edited=&#8220;off|desktop&#8220; locked=&#8220;off&#8220;]<\/p>\n<h2>Unsere Vorteile<\/h2>\n<p>[\/et_pb_text][et_pb_blurb title=&#8220;Alles an einem Ort&#8220; use_icon=&#8220;on&#8220; font_icon=&#8220;%%24%%&#8220; icon_color=&#8220;#ffcc29&#8243; icon_placement=&#8220;left&#8220; content_max_width=&#8220;1100px&#8220; use_icon_font_size=&#8220;on&#8220; icon_font_size=&#8220;56px&#8220; content_max_width_last_edited=&#8220;off|desktop&#8220; _builder_version=&#8220;3.19&#8243; header_font=&#8220;Rubik|700|||||||&#8220; header_line_height=&#8220;1.4em&#8220; body_font=&#8220;||||||||&#8220; body_line_height=&#8220;1.8em&#8220; custom_margin=&#8220;|||&#8220; custom_padding=&#8220;|||&#8220; animation_style=&#8220;slide&#8220; animation_direction=&#8220;right&#8220; animation_intensity_slide=&#8220;10%&#8220; animation=&#8220;off&#8220;]In unserer Werkstatt sorgen wir uns um den gesamten Service f\u00fcr Ihr Auto, Sto\u00dfd\u00e4mpfer, Katalysatoren, Reifenwechsel, Umbau Ihres Fahrzeugs usw.<br \/>\n[\/et_pb_blurb][et_pb_blurb title=&#8220;Schnell erledigte Dienstleistungen&#8220; use_icon=&#8220;on&#8220; font_icon=&#8220;%%24%%&#8220; icon_color=&#8220;#ffcc29&#8243; icon_placement=&#8220;left&#8220; content_max_width=&#8220;1100px&#8220; use_icon_font_size=&#8220;on&#8220; icon_font_size=&#8220;56px&#8220; content_max_width_last_edited=&#8220;off|desktop&#8220; _builder_version=&#8220;3.19&#8243; header_font=&#8220;Rubik|700|||||||&#8220; header_line_height=&#8220;1.4em&#8220; body_font=&#8220;||||||||&#8220; body_line_height=&#8220;1.8em&#8220; custom_margin=&#8220;|||&#8220; custom_padding=&#8220;|||&#8220; animation_style=&#8220;slide&#8220; animation_direction=&#8220;right&#8220; animation_intensity_slide=&#8220;10%&#8220; animation=&#8220;off&#8220;]Wir arbeiten nach dem Prinzip des schnellen Service: Sie bringen Ihr Auto zu uns, wir \u00fcberpr\u00fcfen ihn schnell und reparieren ihn professionell<br \/>\n[\/et_pb_blurb][et_pb_blurb title=&#8220;Professionelles Team&#8220; use_icon=&#8220;on&#8220; font_icon=&#8220;%%24%%&#8220; icon_color=&#8220;#ffcc29&#8243; icon_placement=&#8220;left&#8220; content_max_width=&#8220;1100px&#8220; use_icon_font_size=&#8220;on&#8220; icon_font_size=&#8220;56px&#8220; content_max_width_last_edited=&#8220;off|desktop&#8220; _builder_version=&#8220;3.19&#8243; header_font=&#8220;Rubik|700|||||||&#8220; header_line_height=&#8220;1.4em&#8220; body_font=&#8220;||||||||&#8220; body_line_height=&#8220;1.8em&#8220; custom_margin=&#8220;|||&#8220; custom_padding=&#8220;|||&#8220; animation_style=&#8220;slide&#8220; animation_direction=&#8220;right&#8220; animation_intensity_slide=&#8220;10%&#8220; animation=&#8220;off&#8220;]Sie sehen ein Unternehmen mit einem <strong>starken, gut koordinierten, vernetzten Team und einer frischen, motivierten F\u00fchrung.<\/strong><br \/>\n[\/et_pb_blurb][et_pb_button button_url=&#8220;https:\/\/avtotertinek.si\/de\/kontakt\/&#8220; button_text=&#8220;Bitte senden Sie mir Ihr Angebot!&#8220; button_alignment=&#8220;center&#8220; _builder_version=&#8220;3.19&#8243; custom_button=&#8220;on&#8220; button_text_size=&#8220;14px&#8220; button_text_color=&#8220;#ffffff&#8220; button_bg_color=&#8220;#ffcc29&#8243; button_border_width=&#8220;4px&#8220; button_border_color=&#8220;#ffcc29&#8243; button_border_radius=&#8220;6px&#8220; button_letter_spacing=&#8220;4px&#8220; button_font=&#8220;Arial|800||on|||||&#8220; button_icon=&#8220;%%3%%&#8220; custom_padding=&#8220;12px|30px|12px|30px|true|true&#8220; button_text_color_hover=&#8220;#ffffff&#8220; button_border_color_hover=&#8220;#ffb400&#8243; button_bg_color_hover=&#8220;#ffb400&#8243; button_text_size__hover_enabled=&#8220;off&#8220; button_one_text_size__hover_enabled=&#8220;off&#8220; button_two_text_size__hover_enabled=&#8220;off&#8220; button_text_color__hover_enabled=&#8220;on&#8220; button_text_color__hover=&#8220;#ffffff&#8220; button_one_text_color__hover_enabled=&#8220;off&#8220; button_two_text_color__hover_enabled=&#8220;off&#8220; button_border_width__hover_enabled=&#8220;off&#8220; button_one_border_width__hover_enabled=&#8220;off&#8220; button_two_border_width__hover_enabled=&#8220;off&#8220; button_border_color__hover_enabled=&#8220;on&#8220; button_border_color__hover=&#8220;#2957a4&#8243; button_one_border_color__hover_enabled=&#8220;off&#8220; button_two_border_color__hover_enabled=&#8220;off&#8220; button_border_radius__hover_enabled=&#8220;off&#8220; button_one_border_radius__hover_enabled=&#8220;off&#8220; button_two_border_radius__hover_enabled=&#8220;off&#8220; button_letter_spacing__hover_enabled=&#8220;off&#8220; button_one_letter_spacing__hover_enabled=&#8220;off&#8220; button_two_letter_spacing__hover_enabled=&#8220;off&#8220; button_bg_color__hover_enabled=&#8220;on&#8220; button_bg_color__hover=&#8220;#2957a4&#8243; button_one_bg_color__hover_enabled=&#8220;off&#8220; button_two_bg_color__hover_enabled=&#8220;off&#8220;]<br \/>\n[\/et_pb_button][\/et_pb_column][et_pb_column type=&#8220;2_3&#8243; specialty_columns=&#8220;2&#8243; _builder_version=&#8220;3.25&#8243; custom_padding=&#8220;|||&#8220; custom_padding__hover=&#8220;|||&#8220;][et_pb_row_inner custom_padding_last_edited=&#8220;off|desktop&#8220; _builder_version=&#8220;3.25&#8243; custom_margin=&#8220;|||&#8220; custom_padding_tablet=&#8220;|40px||40px||true&#8220;][et_pb_column_inner saved_specialty_column_type=&#8220;2_3&#8243; _builder_version=&#8220;3.25&#8243; custom_padding=&#8220;|||&#8220; custom_padding__hover=&#8220;|||&#8220;][et_pb_image src=&#8220;https:\/\/avtotertinek.si\/wp-content\/uploads\/2018\/12\/DSC2402-1.jpg&#8220; force_fullwidth=&#8220;on&#8220; align_tablet=&#8220;center&#8220; align_phone=&#8220;&#8220; align_last_edited=&#8220;on|desktop&#8220; _builder_version=&#8220;3.23&#8243;]<br \/>\n[\/et_pb_image][\/et_pb_column_inner][\/et_pb_row_inner][\/et_pb_column][\/et_pb_section]<\/p>\n","protected":false},"excerpt":{"rendered":"<p>Wer sind wirSie sehen ein Unternehmen mit einem starken, gut koordinierten, vernetzten Team und einer frischen, motivierten F\u00fchrung. Unsere Vorteile Wir arbeiten nach dem Prinzip des schnellen Service: Sie bringen Ihr Fahrzeug zu uns, wir \u00fcberpr\u00fcfen ihn schnell und reparieren professionell! In unseren gesamten Dienstleistungen werden die Marathon-Erfahrungen von Veteranen und deren Innovationen kombiniert. Avto [&hellip;]<\/p>\n","protected":false},"author":1,"featured_media":0,"parent":0,"menu_order":0,"comment_status":"closed","ping_status":"closed","template":"","meta":{"_et_pb_use_builder":"on","_et_pb_old_content":"","_et_gb_content_width":"","footnotes":""},"class_list":["post-743","page","type-page","status-publish","hentry"],"aioseo_notices":[],"_links":{"self":[{"href":"https:\/\/avtotertinek.si\/de\/wp-json\/wp\/v2\/pages\/743","targetHints":{"allow":["GET"]}}],"collection":[{"href":"https:\/\/avtotertinek.si\/de\/wp-json\/wp\/v2\/pages"}],"about":[{"href":"https:\/\/avtotertinek.si\/de\/wp-json\/wp\/v2\/types\/page"}],"author":[{"embeddable":true,"href":"https:\/\/avtotertinek.si\/de\/wp-json\/wp\/v2\/users\/1"}],"replies":[{"embeddable":true,"href":"https:\/\/avtotertinek.si\/de\/wp-json\/wp\/v2\/comments?post=743"}],"version-history":[{"count":4,"href":"https:\/\/avtotertinek.si\/de\/wp-json\/wp\/v2\/pages\/743\/revisions"}],"predecessor-version":[{"id":957,"href":"https:\/\/avtotertinek.si\/de\/wp-json\/wp\/v2\/pages\/743\/revisions\/957"}],"wp:attachment":[{"href":"https:\/\/avtotertinek.si\/de\/wp-json\/wp\/v2\/media?parent=743"}],"curies":[{"name":"wp","href":"https:\/\/api.w.org\/{rel}","templated":true}]}}